{"id":31,"date":"2016-11-10T16:49:49","date_gmt":"2016-11-10T15:49:49","guid":{"rendered":"http:\/\/www.wh-music-production.ch\/wilhons\/?page_id=31"},"modified":"2016-12-26T23:56:59","modified_gmt":"2016-12-26T22:56:59","slug":"disclaimer-haftungsausschluss","status":"publish","type":"page","link":"http:\/\/www.wh-music.ch\/?page_id=31","title":{"rendered":"Disclaimer"},"content":{"rendered":"<p style=\"text-align: justify;\">\n<hr \/>\n<p style=\"text-align: justify;\"><strong>Inhalt der Webseite<\/strong><\/p>\n<ol style=\"text-align: justify;\">\n<li>Der Inhalt der Website der Firma wh-musicwird sorgf\u00e4ltig ausgew\u00e4hlt und auf dem neuesten Stand gehalten. Wird eine \u00e4ltere Information publiziert, ist das Datum angegeben und sie entspricht dem Wissenstand zur Zeit ihrer Erstellung. In Beitr\u00e4gen, die mit Namen gekennzeichnet sind, wird die Meinung der Autoren vertreten, die nicht unbedingt der Meinung der Firma wh-music.<\/li>\n<\/ol>\n<ol style=\"text-align: justify;\" start=\"2\">\n<li>Durch das Betrachten und Lesen der Webseite kommt kein Vertrag f\u00fcr eine Dienstleistung der Firma X zwischen dem Nutzer und dem Anbieter zustande. Die Informationen der Webseite sind eine Gef\u00e4lligkeit der Firma wh-music f\u00fcr die Betrachter und gelten nicht als Dienstleistung. Deswegen \u00fcbernimmt die Firma wh-music keine Gew\u00e4hrleistung f\u00fcr die Richtigkeit, Vollst\u00e4ndigkeit und Aktualit\u00e4t des Webseiteninhalts. Wer die auf der Webseite publizierten Informationen nutzt, tut dies auf eigene Gefahr. Eine Ausnahme bildet die Haftung der Firma wh-music f\u00fcr Grobfahrl\u00e4ssigkeit und Verschulden nach OR Art. 100.<\/li>\n<\/ol>\n<p style=\"text-align: justify;\"><strong>Links<\/strong><\/p>\n<ol style=\"text-align: justify;\">\n<li>Die Website der Firma wh-music enth\u00e4lt Verkn\u00fcpfungen zu Websites Dritter. F\u00fcr die verlinkten Webseiten haftet der jeweilige Betreiber. Firma wh-music hat keinen Einfluss auf die aktuelle und zuk\u00fcnftige Gestaltung und auf die Inhalte der verkn\u00fcpften Seiten. Der Link bedeutet auch nicht, dass Firma wh-music mit dem Inhalt der verlinkten Seiten in jedem Fall einverstanden ist.<\/li>\n<\/ol>\n<ol style=\"text-align: justify;\" start=\"2\">\n<li>Die Firma wh-music \u00fcberpr\u00fcft die verlinkten Webseiten immer wieder auf Rechtm\u00e4ssigkeit und Aktualit\u00e4t. Es ist aber nicht m\u00f6glich, die verlinkten Webseiten st\u00e4ndig zu \u00fcberpr\u00fcfen. Sollte auf einer der verlinkten Webseiten trotzdem ein unrechtm\u00e4ssiger Inhalt erscheinen oder eine Information, die nicht dem neuesten Stand entspricht, \u00fcbernimmt die Firma wh-music keine Haftung. Sobald man in der Firma wh-music von fragw\u00fcrdigen Inhalten auf den verlinkten Webseiten erf\u00e4hrt, wird der Link sofort entfernt. Entsprechende Hinweise weiss man bei der Firma wh-music zu sch\u00e4tzen.<\/li>\n<\/ol>\n<p style=\"text-align: justify;\"><strong>Hinweis auf Urheberrechte<\/strong><\/p>\n<ol style=\"text-align: justify;\">\n<li>Die auf der Website der Firma wh-music ver\u00f6ffentlichten Inhalte unterliegen dem schweizerischen Urheberrecht. F\u00fcr die Vervielf\u00e4ltigung, Bearbeitung, \u00dcbersetzung, Einspeicherung, Wiedergabe von Inhalten in Datenbanken oder anderen elektronischen Medien und Systemen ben\u00f6tigt man eine schriftliche Zustimmung der Firma wh-music oder der bei einer bestimmten Publikation genannten Urheber. Zitate sind ohne Zustimmung erlaubt, wenn die Quelle genannt wird.<\/li>\n<\/ol>\n<ol style=\"text-align: justify;\" start=\"2\">\n<li>F\u00fcr einen Link auf die Webseite der Firma wh-music muss ebenfalls eine schriftliche Zustimmung eingeholt werden.<\/li>\n<\/ol>\n<ol style=\"text-align: justify;\" start=\"3\">\n<li>Ohne Zustimmung erlaubt sind Kopien oder Downloads f\u00fcr den privaten Gebrauch.<\/li>\n<\/ol>\n<ol style=\"text-align: justify;\" start=\"4\">\n<li>Wer die Inhalte oder sonstige Angaben, z.B. im Impressum, f\u00fcr Werbung ben\u00fctzen will, hat eine schriftliche Erlaubnis einzuholen. Andernfalls ist eine solche Nutzung der Webseite der Firma wh-music ausdr\u00fccklich nicht erlaubt.<\/li>\n<\/ol>\n<p style=\"text-align: justify;\"><strong>Datenschutz und Datensicherheit<\/strong><\/p>\n<ol style=\"text-align: justify;\">\n<li>Die Firma wh-music beachtet selbstverst\u00e4ndlich die Regelungen \u00fcber Datenschutz, namentlich das Datenschutzgesetz und die dazugeh\u00f6rigen Vorordnungen.<\/li>\n<\/ol>\n<ol style=\"text-align: justify;\" start=\"2\">\n<li>Die Firma wh-music verpflichtet sich, in Systemen, Programmen usw. auf die sie Einfluss hat f\u00fcr Sicherheit nach aktuellem technischen Stand zu sorgen.<\/li>\n<\/ol>\n<ol style=\"text-align: justify;\" start=\"3\">\n<li>Die User der Webseite sowie die Kunden sind sich bewusst, dass sich auch bei sorgf\u00e4ltiger Softwareentwicklung und Wartung Fehler einschleichen k\u00f6nnen, so dass die Firma wh-music nicht f\u00fcr 100-prozentige Verf\u00fcgbarkeit der Webseite oder der Dienstleistung einstehen kann.<\/li>\n<\/ol>\n<ol style=\"text-align: justify;\" start=\"4\">\n<li>Die Leser der Webseite sowie die Kunden der Firma wh-music haben f\u00fcr die Sicherheit der Systeme, Programme und Daten zu sorgen, die sich in ihrem Einflussbereich befinden. Die Kunden sollten in eigenem Interesse Passw\u00f6rter und Benutzernamen gegen\u00fcber Dritten geheim halten, wenn n\u00f6tig Passw\u00f6rter in regelm\u00e4ssigen Abst\u00e4nden \u00e4ndern und so gestalten dass man sie nicht leicht ermitteln kann, siehe auch AGB. Firma wh-music informiert die Kunden \u00fcber Sicherheitsmassnahmen, die sie selber zu treffen haben.<\/li>\n<\/ol>\n<ol style=\"text-align: justify;\" start=\"5\">\n<li>Die Kunden verpflichten sich, keine \u00fcberm\u00e4ssige Belastung der in der Webseite zur Verf\u00fcgung gestellten Plattform durch ungezielte oder unsachgem\u00e4sse Verbreitung von Daten herbeizuf\u00fchren, insbesondere Spam-Mailings zu unterlassen. Dies wird f\u00fcr die Kunden auch in den AGB festgelegt.<\/li>\n<\/ol>\n<ol style=\"text-align: justify;\" start=\"6\">\n<li>Die Firma wh-music haftet nicht f\u00fcr M\u00e4ngel und St\u00f6rungen, die sie nicht zu vertreten hat, vor allem nicht f\u00fcr Sicherheitsm\u00e4ngel und Betriebsausf\u00e4lle von Drittunternehmen mit denen sie zusammenarbeitet oder von denen sie abh\u00e4ngig ist.<\/li>\n<\/ol>\n<ol style=\"text-align: justify;\" start=\"7\">\n<li>Weiter haftet die Firma wh-music nicht f\u00fcr h\u00f6here Gewalt, unsachgem\u00e4sses Vorgehen und Missachtung der Risiken seitens der User oder Dritter, \u00fcberm\u00e4ssige Beanspruchung, ungeeignete Betriebsmittel der User oder Dritter, extreme Umgebungseinfl\u00fcsse, Eingriffe der User oder St\u00f6rungen durch Dritte (Viren, W\u00fcrmer u.s.w.) die trotz der notwendigen aktuellen Sicherheitsvorkehrungen passieren.<\/li>\n<\/ol>\n<ol style=\"text-align: justify;\" start=\"8\">\n<li>Durch den Besuch der Website des Anbieters werden statistische Informationen \u00fcber den Zugriff wie Datum, Uhrzeit oder die betrachtete Seite gespeichert. Diese Daten geh\u00f6ren nicht zu den personenbezogenen Daten, sondern sind anonymisiert. Sie werden ausschliesslich zu statistischen Zwecken ausgewertet. Die betreffenden Daten werden innerhalb der Firma wh-music\u00a0ausgewertet, aber nicht weitergegeben.<\/li>\n<\/ol>\n<ol start=\"9\">\n<li style=\"text-align: justify;\">Die Firma wh-music\u00a0kann die Daten der Webseitenuser oder der Kunden verarbeiten, wenn es notwendig ist zum Ermitteln und Stoppen von in betr\u00fcgerischer Absicht gelieferten Informationen sowie rechtswidriger oder vertragswidriger Inanspruchnahme, bzw. Missbrauch oder Sch\u00e4digung, der Firma wh-music oder der Webseite. Zu diesem Zweck darf die Firma wh-music auch Nutzungsdaten unter anderem mit Hilfe von Cookies ermitteln und verarbeiten, um aus dem Gesamtbestand aller aktuellen Informationen diejenigen herauszufinden bei denen tats\u00e4chliche Anhaltspunkte f\u00fcr Missbrauch bestehen. Die Firma wh-music kann diese Daten an Strafverfolgungsbeh\u00f6rden sowie in ihren Rechten verletzten Dritten \u00fcbermitteln.<\/li>\n<\/ol>\n<hr \/>\n<p>&nbsp;<\/p>\n","protected":false},"excerpt":{"rendered":"<p>Inhalt der Webseite Der Inhalt der Website der Firma wh-musicwird sorgf\u00e4ltig ausgew\u00e4hlt und auf dem neuesten Stand gehalten. Wird eine \u00e4ltere Information publiziert, ist das Datum angegeben und sie entspricht dem Wissenstand zur Zeit ihrer Erstellung. In Beitr\u00e4gen, die mit Namen gekennzeichnet sind, wird die Meinung der Autoren vertreten, die nicht unbedingt der Meinung der [&hellip;]<\/p>\n","protected":false},"author":1,"featured_media":0,"parent":0,"menu_order":0,"comment_status":"closed","ping_status":"closed","template":"","meta":[],"_links":{"self":[{"href":"http:\/\/www.wh-music.ch\/index.php?rest_route=\/wp\/v2\/pages\/31"}],"collection":[{"href":"http:\/\/www.wh-music.ch\/index.php?rest_route=\/wp\/v2\/pages"}],"about":[{"href":"http:\/\/www.wh-music.ch\/index.php?rest_route=\/wp\/v2\/types\/page"}],"author":[{"embeddable":true,"href":"http:\/\/www.wh-music.ch\/index.php?rest_route=\/wp\/v2\/users\/1"}],"replies":[{"embeddable":true,"href":"http:\/\/www.wh-music.ch\/index.php?rest_route=%2Fwp%2Fv2%2Fcomments&post=31"}],"version-history":[{"count":4,"href":"http:\/\/www.wh-music.ch\/index.php?rest_route=\/wp\/v2\/pages\/31\/revisions"}],"predecessor-version":[{"id":286,"href":"http:\/\/www.wh-music.ch\/index.php?rest_route=\/wp\/v2\/pages\/31\/revisions\/286"}],"wp:attachment":[{"href":"http:\/\/www.wh-music.ch\/index.php?rest_route=%2Fwp%2Fv2%2Fmedia&parent=31"}],"curies":[{"name":"wp","href":"https:\/\/api.w.org\/{rel}","templated":true}]}}