{"id":35,"date":"2016-11-10T16:51:11","date_gmt":"2016-11-10T15:51:11","guid":{"rendered":"http:\/\/www.wh-music-production.ch\/wilhons\/?page_id=35"},"modified":"2016-12-26T23:57:31","modified_gmt":"2016-12-26T22:57:31","slug":"imprint-impressum","status":"publish","type":"page","link":"http:\/\/www.wh-music.ch\/?page_id=35","title":{"rendered":"Imprint"},"content":{"rendered":"<p>&nbsp;<\/p>\n<hr \/>\n<p><strong>German:<\/strong><\/p>\n<p>&lt;div class=&#8220;impressum&#8220;&gt;<\/p>\n<p>&lt;h2&gt;Kontaktadresse&lt;\/h2&gt;<\/p>\n<p>&lt;p&gt;&lt;\/p&gt;<\/p>\n<p>&lt;p&gt;&amp;nbsp;&lt;\/p&gt;<\/p>\n<p>&lt;h2&gt;Haftungsausschluss&lt;\/h2&gt;<\/p>\n<p>&lt;p&gt;Der Autor \u00fcbernimmt keinerlei Gew\u00e4hr hinsichtlich der\u00a0 inhaltlichen Richtigkeit, Genauigkeit, Aktualit\u00e4t, Zuverl\u00e4ssigkeit und\u00a0 Vollst\u00e4ndigkeit der Informationen.&lt;\/p&gt;<\/p>\n<p>&lt;p&gt;Haftungsanspr\u00fcche gegen den Autor wegen Sch\u00e4den materieller\u00a0 oder immaterieller Art, welche aus dem Zugriff oder der Nutzung bzw.\u00a0 Nichtnutzung der ver\u00f6ffentlichten Informationen, durch Missbrauch der\u00a0 Verbindung oder durch technische St\u00f6rungen entstanden sind, werden\u00a0 ausgeschlossen.&lt;\/p&gt;<\/p>\n<p>&lt;p&gt;Alle\u00a0 Angebote sind unverbindlich. Der Autor beh\u00e4lt es sich ausdr\u00fccklich vor, Teile\u00a0 der Seiten oder das gesamte Angebot ohne gesonderte Ank\u00fcndigung zu ver\u00e4ndern,\u00a0 zu erg\u00e4nzen, zu l\u00f6schen oder die Ver\u00f6ffentlichung zeitweise oder endg\u00fcltig\u00a0 einzustellen.&lt;\/p&gt;<\/p>\n<p>&lt;p&gt;&amp;nbsp;&lt;\/p&gt;<\/p>\n<p>&lt;h2&gt;Haftung f\u00fcr Links&lt;\/h2&gt;<\/p>\n<p>&lt;p&gt;Verweise und Links auf Webseiten\u00a0 Dritter liegen ausserhalb unseres Verantwortungsbereichs Es wird jegliche Verantwortung f\u00fcr solche Webseiten\u00a0 abgelehnt.\u00a0 Der Zugriff und die Nutzung solcher Webseiten erfolgen\u00a0 auf eigene Gefahr des Nutzers oder der Nutzerin. &lt;\/p&gt;<\/p>\n<p>&lt;p&gt;&amp;nbsp;&lt;\/p&gt;<\/p>\n<p>&lt;h2&gt;Urheberrechte&lt;\/h2&gt;<\/p>\n<p>&lt;p&gt;Die Urheber- und alle anderen Rechte an Inhalten, Bildern, Fotos oder anderen Dateien auf der Website geh\u00f6ren ausschliesslich &lt;strong&gt;&lt;\/strong&gt; oder den speziell genannten\u00a0 Rechtsinhabern. F\u00fcr die Reproduktion jeglicher Elemente ist die schriftliche Zustimmung der Urheberrechtstr\u00e4ger im Voraus einzuholen.&lt;\/p&gt;<\/p>\n<p>&lt;p&gt;&amp;nbsp;&lt;\/p&gt;<\/p>\n<p>&lt;h2&gt;Quelle&lt;\/h2&gt;<\/p>\n<p>&lt;p&gt; Dieses Impressum wurde am &lt;strong&gt;01.11.2016&lt;\/strong&gt; mit dem \u00a0Impressum-Generator &lt;strong&gt;&lt;a href=&#8220;http:\/\/www.bag.ch\/impressum-generator&#8220;&gt;http:\/\/www.bag.ch\/impressum-generator&lt;\/a&gt;&lt;\/strong&gt; der Firma Brunner Medien AG, Druck und Medien, in\u00a0 Kriens erstellt. Die Brunner Medien AG, Druck und Medien, in Kriens \u00fcbernimmt keine\u00a0 Haftung. &lt;\/p&gt;<\/p>\n<p>&lt;p style=&#8220;visibility:hidden;&#8220;&gt;&lt;\/p&gt;<\/p>\n<p>&lt;\/div&gt;<\/p>\n<hr \/>\n<p>&nbsp;<\/p>\n","protected":false},"excerpt":{"rendered":"<p>&nbsp; German: &lt;div class=&#8220;impressum&#8220;&gt; &lt;h2&gt;Kontaktadresse&lt;\/h2&gt; &lt;p&gt;&lt;\/p&gt; &lt;p&gt;&amp;nbsp;&lt;\/p&gt; &lt;h2&gt;Haftungsausschluss&lt;\/h2&gt; &lt;p&gt;Der Autor \u00fcbernimmt keinerlei Gew\u00e4hr hinsichtlich der\u00a0 inhaltlichen Richtigkeit, Genauigkeit, Aktualit\u00e4t, Zuverl\u00e4ssigkeit und\u00a0 Vollst\u00e4ndigkeit der Informationen.&lt;\/p&gt; &lt;p&gt;Haftungsanspr\u00fcche gegen den Autor wegen Sch\u00e4den materieller\u00a0 oder immaterieller Art, welche aus dem Zugriff oder der Nutzung bzw.\u00a0 Nichtnutzung der ver\u00f6ffentlichten Informationen, durch Missbrauch der\u00a0 Verbindung oder durch technische St\u00f6rungen entstanden [&hellip;]<\/p>\n","protected":false},"author":1,"featured_media":0,"parent":0,"menu_order":0,"comment_status":"closed","ping_status":"closed","template":"","meta":[],"_links":{"self":[{"href":"http:\/\/www.wh-music.ch\/index.php?rest_route=\/wp\/v2\/pages\/35"}],"collection":[{"href":"http:\/\/www.wh-music.ch\/index.php?rest_route=\/wp\/v2\/pages"}],"about":[{"href":"http:\/\/www.wh-music.ch\/index.php?rest_route=\/wp\/v2\/types\/page"}],"author":[{"embeddable":true,"href":"http:\/\/www.wh-music.ch\/index.php?rest_route=\/wp\/v2\/users\/1"}],"replies":[{"embeddable":true,"href":"http:\/\/www.wh-music.ch\/index.php?rest_route=%2Fwp%2Fv2%2Fcomments&post=35"}],"version-history":[{"count":5,"href":"http:\/\/www.wh-music.ch\/index.php?rest_route=\/wp\/v2\/pages\/35\/revisions"}],"predecessor-version":[{"id":287,"href":"http:\/\/www.wh-music.ch\/index.php?rest_route=\/wp\/v2\/pages\/35\/revisions\/287"}],"wp:attachment":[{"href":"http:\/\/www.wh-music.ch\/index.php?rest_route=%2Fwp%2Fv2%2Fmedia&parent=35"}],"curies":[{"name":"wp","href":"https:\/\/api.w.org\/{rel}","templated":true}]}}