{"id":8,"date":"2016-11-10T12:51:39","date_gmt":"2016-11-10T11:51:39","guid":{"rendered":"http:\/\/www.wh-music-production.ch\/wilhons\/?page_id=8"},"modified":"2016-12-26T23:24:15","modified_gmt":"2016-12-26T22:24:15","slug":"about-me","status":"publish","type":"page","link":"http:\/\/www.wh-music.ch\/?page_id=8","title":{"rendered":"BIO"},"content":{"rendered":"<hr \/>\n<p><strong>Willy Honegger<\/strong>\u00a0wurde 1954 in Wattwil\/SG geboren und wuchs in Uznach auf. Seine Gymnasialzeit schloss er mit der staatlichen Maturit\u00e4tspr\u00fcfung an der Kantonsschule Schwyz ab. In seinen Jugendjahren und w\u00e4hrend der Gymnasialzeit besch\u00e4ftigte er sich vorwiegend mit Pop- und Jazzmusik. Seine musikalische Ausbildung erfolgte an der Hochschule f\u00fcr Musik in Z\u00fcrich, welche er mit drei Diplomen abschloss: Lehrdiplom f\u00fcr Klarinette, Dirigentendiplom und Diplom Schulmusik II (Gymnasiallehrer f\u00fcr Musik).<\/p>\n<p>Als Musikp\u00e4dagoge unterrichtete Willy Honegger an verschiedenen Gymnasien und engagierte sich als Klarinetten- und Saxophonlehrer an diversen Musikschulen. In den vergangenen 30 Jahren leitete er verschiedene Orchesterformationen mit grossem Erfolg. 1993 gewann er mit eigenen Arrangements f\u00fcr ein Grossorchester von 120 Mitgliedern und deren Leitung einen Fernsehpreis. Die kreative Seite in seinem Beruf konnte er als Komponist f\u00fcr Filmmusik (Hessischer Rundfunk, Frankfurt) und mit der Schaffung vieler Arrangements f\u00fcr die unterschiedlichsten Musikformationen ausleben. F\u00fcr die Filmmusikaufnahmen leitete er Mitglieder des bayrischen Staatsorchesters M\u00fcnchen und des Augsburger Stadtorchesters.<\/p>\n<p>Die Arbeit im eigenen Studio und das Editieren von Noten f\u00fchrte ihn mit Peter G. Rebeiz (Studio Balikfarm, Ebersol) zusammen. Mit ihm begann 1999 eine enge, freundschaftliche und kreative Zusammenarbeit im Bereich Crossover Projekte und Arrangements f\u00fcr Sinfonieorchester. Es folgten weitere Auftr\u00e4ge unter anderem f\u00fcr das Berner Sinfonieorchester und im Crossover &#8211; Bereich f\u00fcr\u00a0Pippo Pollina.<\/p>\n<p>Von Juli 2000 bis August 2016 war Willy Honegger Direktor der Musikschule Freienbach mit 40 Lehrpersonen und 1300 Sch\u00fclern. Er wirkte als Klarinettist in verschiedenen Trioformationen. Seine T\u00e4tigkeit als Dirigent, Arrangeur und Komponist f\u00fchrten ihn in den vergangenen Jahren nach London (London Session Orchestra und Royal Philharmonic Orchestra, Abbey Road Studios), nach Parma und Bologna (Orchestra di Parma), Stuttgart (S\u00fcdwestfunk Orchester), Kaiserslautern (Theaterorchester), Genf (Victoria Hall) und Verona (Arena).<\/p>\n<hr \/>\n<p>&nbsp;<\/p>\n","protected":false},"excerpt":{"rendered":"<p>Willy Honegger\u00a0wurde 1954 in Wattwil\/SG geboren und wuchs in Uznach auf. Seine Gymnasialzeit schloss er mit der staatlichen Maturit\u00e4tspr\u00fcfung an der Kantonsschule Schwyz ab. In seinen Jugendjahren und w\u00e4hrend der Gymnasialzeit besch\u00e4ftigte er sich vorwiegend mit Pop- und Jazzmusik. Seine musikalische Ausbildung erfolgte an der Hochschule f\u00fcr Musik in Z\u00fcrich, welche er mit drei Diplomen [&hellip;]<\/p>\n","protected":false},"author":1,"featured_media":0,"parent":0,"menu_order":0,"comment_status":"closed","ping_status":"closed","template":"","meta":[],"_links":{"self":[{"href":"http:\/\/www.wh-music.ch\/index.php?rest_route=\/wp\/v2\/pages\/8"}],"collection":[{"href":"http:\/\/www.wh-music.ch\/index.php?rest_route=\/wp\/v2\/pages"}],"about":[{"href":"http:\/\/www.wh-music.ch\/index.php?rest_route=\/wp\/v2\/types\/page"}],"author":[{"embeddable":true,"href":"http:\/\/www.wh-music.ch\/index.php?rest_route=\/wp\/v2\/users\/1"}],"replies":[{"embeddable":true,"href":"http:\/\/www.wh-music.ch\/index.php?rest_route=%2Fwp%2Fv2%2Fcomments&post=8"}],"version-history":[{"count":7,"href":"http:\/\/www.wh-music.ch\/index.php?rest_route=\/wp\/v2\/pages\/8\/revisions"}],"predecessor-version":[{"id":274,"href":"http:\/\/www.wh-music.ch\/index.php?rest_route=\/wp\/v2\/pages\/8\/revisions\/274"}],"wp:attachment":[{"href":"http:\/\/www.wh-music.ch\/index.php?rest_route=%2Fwp%2Fv2%2Fmedia&parent=8"}],"curies":[{"name":"wp","href":"https:\/\/api.w.org\/{rel}","templated":true}]}}